{"id":2568,"date":"2015-06-30T04:23:50","date_gmt":"2015-06-30T03:23:50","guid":{"rendered":"http:\/\/deweerdt.be\/?page_id=2568"},"modified":"2025-01-13T04:09:23","modified_gmt":"2025-01-13T03:09:23","slug":"kontakt","status":"publish","type":"page","link":"https:\/\/deweerdt.be\/de\/kontakt\/","title":{"rendered":"Kontakt"},"content":{"rendered":"<p><span class=\"with-icon\" style=\"background-image:url(https:\/\/deweerdt.be\/wp-content\/themes\/metro\/img\/icons\/0192.png)\"><span class=\"with-icon\" style=\"background-image:url(https:\/\/deweerdt.be\/wp-content\/themes\/metro\/img\/icons\/0319.png)\"><\/span> <\/span><a href=\"https:\/\/deweerdt.be\/de\/?ddownload=2058\" title=\"Download\" rel=\"nofollow\" class=\"ddownload-button button-blue id-2058 ext-pdf\">Download<\/a> erweiterte Anmeldeformular in PDF oder nutzen Sie unten unser einfaches Formular f\u00fcr zuf\u00e4llige Bemerkungen und Vorschl\u00e4ge.<\/p>\n<div class=\"wpforms-container wpforms-container-full wpforms-render-modern\" id=\"wpforms-6887\"><form id=\"wpforms-form-6887\" class=\"wpforms-validate wpforms-form wpforms-ajax-form\" data-formid=\"6887\" method=\"post\" enctype=\"multipart\/form-data\" action=\"\/de\/wp-json\/wp\/v2\/pages\/2568\" data-token=\"2c2bec14d41c38f0487968e98bb4417c\" data-token-time=\"1775513670\"><noscript class=\"wpforms-error-noscript\">Bitte aktiviere JavaScript in deinem Browser, um dieses Formular fertigzustellen.<\/noscript><div class=\"wpforms-hidden\" id=\"wpforms-error-noscript\">Bitte aktiviere JavaScript in deinem Browser, um dieses Formular fertigzustellen.<\/div><div class=\"wpforms-field-container\"><div id=\"wpforms-6887-field_4-container\" class=\"wpforms-field wpforms-field-layout\" data-field-id=\"4\"><div class=\"wpforms-field-layout-rows wpforms-field-large\"><div class=\"wpforms-layout-row\"><div class=\"wpforms-layout-column wpforms-layout-column-50\"><div id=\"wpforms-6887-field_6-container\" class=\"wpforms-field wpforms-field-text\" data-field-id=\"6\"><label class=\"wpforms-field-label\" for=\"wpforms-6887-field_6\">Vorname <span class=\"wpforms-required-label\" aria-hidden=\"true\">*<\/span><\/label><input type=\"text\" id=\"wpforms-6887-field_6\" class=\"wpforms-field-medium wpforms-field-required\" name=\"wpforms[fields][6]\" aria-errormessage=\"wpforms-6887-field_6-error\" required><\/div><\/div><div class=\"wpforms-layout-column wpforms-layout-column-50\"><div id=\"wpforms-6887-field_7-container\" class=\"wpforms-field wpforms-field-text\" data-field-id=\"7\"><label class=\"wpforms-field-label\" for=\"wpforms-6887-field_7\">Nachname <span class=\"wpforms-required-label\" aria-hidden=\"true\">*<\/span><\/label><input type=\"text\" id=\"wpforms-6887-field_7\" class=\"wpforms-field-medium wpforms-field-required\" name=\"wpforms[fields][7]\" aria-errormessage=\"wpforms-6887-field_7-error\" required><\/div><\/div><\/div><div class=\"wpforms-layout-row\"><div class=\"wpforms-layout-column wpforms-layout-column-50\"><div id=\"wpforms-6887-field_2-container\" class=\"wpforms-field wpforms-field-email\" data-field-id=\"2\"><label class=\"wpforms-field-label\" for=\"wpforms-6887-field_2\">E-mail <span class=\"wpforms-required-label\" aria-hidden=\"true\">*<\/span><\/label><input type=\"email\" id=\"wpforms-6887-field_2\" class=\"wpforms-field-medium wpforms-field-required\" name=\"wpforms[fields][2]\" spellcheck=\"false\" aria-errormessage=\"wpforms-6887-field_2-error\" required><\/div><\/div><div class=\"wpforms-layout-column wpforms-layout-column-50\"><div id=\"wpforms-6887-field_8-container\" class=\"wpforms-field wpforms-field-phone\" data-field-id=\"8\"><label class=\"wpforms-field-label\" for=\"wpforms-6887-field_8\">Telefon<\/label><input type=\"tel\" id=\"wpforms-6887-field_8\" class=\"wpforms-field-medium wpforms-smart-phone-field\" data-rule-smart-phone-field=\"true\" name=\"wpforms[fields][8]\" aria-label=\"Telefon\" aria-errormessage=\"wpforms-6887-field_8-error\" ><\/div><\/div><\/div><\/div><\/div><div id=\"wpforms-6887-field_3-container\" class=\"wpforms-field wpforms-field-textarea\" data-field-id=\"3\"><label class=\"wpforms-field-label\" for=\"wpforms-6887-field_3\">Kommentar oder Nachricht<\/label><textarea id=\"wpforms-6887-field_3\" class=\"wpforms-field-medium\" name=\"wpforms[fields][3]\" aria-errormessage=\"wpforms-6887-field_3-error\" ><\/textarea><\/div><\/div><!-- .wpforms-field-container --><div class=\"wpforms-submit-container\" ><input type=\"hidden\" name=\"wpforms[id]\" value=\"6887\"><input type=\"hidden\" name=\"page_title\" value=\"\"><input type=\"hidden\" name=\"page_url\" value=\"https:\/\/deweerdt.be\/de\/wp-json\/wp\/v2\/pages\/2568\"><button type=\"submit\" name=\"wpforms[submit]\" id=\"wpforms-submit-6887\" class=\"wpforms-submit\" data-alt-text=\"Besch\u00e4ftigt mit dem Senden...\" data-submit-text=\"Einreichen\" aria-live=\"assertive\" value=\"wpforms-submit\">Einreichen<\/button><img loading=\"lazy\" decoding=\"async\" src=\"https:\/\/deweerdt.be\/wp-content\/plugins\/wpforms\/assets\/images\/submit-spin.svg\" class=\"wpforms-submit-spinner\" style=\"display: none;\" width=\"26\" height=\"26\" alt=\"Wird geladen\"><\/div><\/form><\/div>  <!-- .wpforms-container -->\n","protected":false},"excerpt":{"rendered":"<p>erweiterte Anmeldeformular in PDF oder nutzen Sie unten unser einfaches Formular f\u00fcr zuf\u00e4llige Bemerkungen und <a href=\"https:\/\/deweerdt.be\/de\/kontakt\/\">Read more<\/a><\/p>\n","protected":false},"author":1,"featured_media":0,"parent":0,"menu_order":0,"comment_status":"closed","ping_status":"closed","template":"","meta":{"footnotes":""},"class_list":["post-2568","page","type-page","status-publish","hentry"],"_links":{"self":[{"href":"https:\/\/deweerdt.be\/de\/wp-json\/wp\/v2\/pages\/2568","targetHints":{"allow":["GET"]}}],"collection":[{"href":"https:\/\/deweerdt.be\/de\/wp-json\/wp\/v2\/pages"}],"about":[{"href":"https:\/\/deweerdt.be\/de\/wp-json\/wp\/v2\/types\/page"}],"author":[{"embeddable":true,"href":"https:\/\/deweerdt.be\/de\/wp-json\/wp\/v2\/users\/1"}],"replies":[{"embeddable":true,"href":"https:\/\/deweerdt.be\/de\/wp-json\/wp\/v2\/comments?post=2568"}],"version-history":[{"count":5,"href":"https:\/\/deweerdt.be\/de\/wp-json\/wp\/v2\/pages\/2568\/revisions"}],"predecessor-version":[{"id":6890,"href":"https:\/\/deweerdt.be\/de\/wp-json\/wp\/v2\/pages\/2568\/revisions\/6890"}],"wp:attachment":[{"href":"https:\/\/deweerdt.be\/de\/wp-json\/wp\/v2\/media?parent=2568"}],"curies":[{"name":"wp","href":"https:\/\/api.w.org\/{rel}","templated":true}]}}