{"id":4933,"date":"2018-05-25T15:13:47","date_gmt":"2018-05-25T14:13:47","guid":{"rendered":"https:\/\/deweerdt.be\/?page_id=4933"},"modified":"2018-05-25T15:13:47","modified_gmt":"2018-05-25T14:13:47","slug":"datenschutzerklaerung","status":"publish","type":"page","link":"https:\/\/deweerdt.be\/de\/datenschutzerklaerung\/","title":{"rendered":"Datenschutzerkl\u00e4rung"},"content":{"rendered":"<p>DEWEERDT W. BV \/ MASTERVEIL verarbeitet personenbezogene Daten gem\u00e4\u00df dieser Datenschutzerkl\u00e4rung.<br \/>\nF\u00fcr weitere Informationen, Fragen und \/ oder Kommentare zu unserer Datenschutzerkl\u00e4rung kontaktieren Sie bitte<br \/>\nPeter &amp; Dirk Deweerdt oder die Mailadresse: <a href=\"&#x6d;&#x61;&#x69;&#108;&#116;&#111;:g&#x64;&#x70;&#x72;&#x40;&#100;&#101;we&#x65;&#x72;&#x64;&#x74;&#46;&#98;e\">&#x67;&#100;p&#x72;&#x40;&#100;e&#x77;&#101;e&#x72;&#x64;&#116;&#46;&#x62;&#101;<\/a><\/p>\n<p>DEWEERDT W. BV \/ MASTERVEIL verarbeitet und sammelt die pers\u00f6nlichen Daten der Kunden speziell f\u00fcr das<br \/>\nKunden- und \/ oder Auftragsmanagement (Kundenverwaltung, Nachverfolgung von Bestellungen &amp; Lieferungen,<br \/>\nFakturierung, Zahlungs- &amp; Lieferbedingungen, projektspezifische Aktionen, Aktionen im Zusammenhang mit Hygiene &amp; Sicherheit.<\/p>\n<h3>Rechtsgrundlage der Verarbeitung:<\/h3>\n<p>Personenbezogene Daten werden auf der Grundlage von Artikel 6.1 des Allgemeinen Datenschutzgesetzes<br \/>\nverarbeitet. Bei der Ausf\u00fchrung von Projekten fragt die Bearbeitung von Auftr\u00e4gen den Kunden explizit ab, was mit seinen Daten getan werden kann.<\/p>\n<p>HINWEIS: Dies betrifft in der Regel einzelne Projekte und ma\u00dfgeschneiderte Arbeit und wird speziell im<br \/>\nZusammenhang mit Schulungen, Beispielen, &#8230; verwendet Der Kunde hat jederzeit die M\u00f6glichkeit, seine Referenz, seinen Namen, &#8230; auf solches Bildmaterial und \/ oder Konzept zu beziehen.<\/p>\n<h3>\u00dcbertragung an Dritte:<\/h3>\n<p>Unsere Firma verf\u00fcgt \u00fcber ein Kaskadensystem des Wissenstransfers. Zur Erreichung der angestrebten Ziele (und \/<br \/>\noder Freigabe der ben\u00f6tigten Arbeitskr\u00e4fte \/ Kenntnisse) werden pers\u00f6nliche Daten des Kunden an<br \/>\nSchwesterunternehmen unserer Firma (DEWEERDT \/ MASTERVEIL), innerhalb der europ\u00e4ischen Wirtschaftsr\u00e4ume oder mit Partnern direkt verbunden mit Deweerdt \/ Masterveil.<\/p>\n<h3>Lagerzeit<\/h3>\n<p>Die f\u00fcr die Kundenverwaltung verarbeiteten personenbezogenen Daten werden in dem Zeitraum gespeichert, der<br \/>\nzur Erf\u00fcllung der gesetzlichen Anforderungen erforderlich ist (siehe Rechnungslegung).<\/p>\n<p>Die Beteiligten k\u00f6nnen jederzeit darum bitten, aus unserem System entfernt zu werden. Dies nur als Kontaktpunkt.<br \/>\nDies bedeutet auch, dass die Korrespondenz, Angebote, Bestellungen, Rechnungen und \/ oder Gutschriften NICHT<br \/>\nangepasst werden, wenn die betreffende Person zu dem Zeitpunkt die Erlaubnis gegeben hat, ihren Namen im<br \/>\nKontaktfeld zu verwenden.<\/p>\n<h3>Recht auf Zugang \/ Verbesserung<\/h3>\n<p>Der Kunde hat jederzeit das Recht auf Einsicht in seine pers\u00f6nlichen Daten und kann diese korrigieren, wenn sie<br \/>\nfalsch oder unvollst\u00e4ndig sind. Um diese Informationen zu erhalten, senden Sie bitte eine Nachricht an <a href=\"&#x6d;a&#x69;&#108;t&#x6f;&#58;&#x67;&#x64;p&#x72;&#64;d&#x65;&#119;&#x65;&#101;r&#x64;&#116;&#46;&#x62;&#101;\">&#103;d&#x70;r&#x40;d&#x65;w&#x65;&#101;&#x72;&#100;&#x74;&#46;&#x62;&#101;<\/a><\/p>\n<p>Wir sorgen daf\u00fcr, dass Sie innerhalb von 14 Tagen dar\u00fcber schriftlich informiert werden.<\/p>\n<h3>Marketing<\/h3>\n<p>Unser Marketingkonzept basiert auf kalter Akquisition und inhaltsorientierten L\u00f6sungen und Wiedererkennbarkeit.<br \/>\nR\u00fcckverfolgung, Quantifizierung und Follow-up werden nicht durchgef\u00fchrt, es sei denn, die unmittelbare Frage des<br \/>\nKunden ist relevant.<\/p>\n<p>Profiling &amp; Automation ist in unserem Ansatz nicht anwendbar.<\/p>\n<h3>Beschwerde<\/h3>\n<p>Der Kunde hat das Recht, eine Beschwerde bei der Kommission zum Schutz der Privatsph\u00e4re einzureichen.<br \/>\n(Drukperstraat 35 &#8211; 1000 Br\u00fcssel &#8211; K&#111;&#x6d;&#x6d;i&#115;&#115;&#x69;&#x6f;n&#64;&#x70;&#x72;i&#118;&#97;&#x63;&#x79;c&#111;&#x6d;&#x6d;i&#115;&#105;&#x73;&#x6f;n&#46;&#x62;&#x65;).<br \/>\nNat\u00fcrlich raten wir in erster Linie, sich an die Verantwortlichen unseres Unternehmens zu wenden.<\/p>\n<p>[tnc-pdf-viewer-link file=&#8220;https:\/\/deweerdt.be\/wp-content\/uploads\/2018\/05\/20180523-Privacy-declaration-General.pdf&#8220; target=&#8220;_blank&#8220; download=&#8220;true&#8220; print=&#8220;true&#8220; fullscreen=&#8220;true&#8220; share=&#8220;true&#8220; zoom=&#8220;true&#8220; open=&#8220;true&#8220; pagenav=&#8220;true&#8220; logo=&#8220;true&#8220; find=&#8220;true&#8220; current_view=&#8220;true&#8220; rotate=&#8220;true&#8220; handtool=&#8220;true&#8220; doc_prop=&#8220;true&#8220; toggle_menu=&#8220;true&#8220; language=&#8220;de-DE&#8220; class=&#8220;&#8220; text=&#8220;PDF herunterladen&#8220; page=&#8220;&#8220; default_zoom=&#8220;auto&#8220; pagemode=&#8220;&#8220;]<\/p>\n","protected":false},"excerpt":{"rendered":"<p>DEWEERDT W. BV \/ MASTERVEIL verarbeitet personenbezogene Daten gem\u00e4\u00df dieser Datenschutzerkl\u00e4rung. F\u00fcr weitere Informationen, Fragen <a href=\"https:\/\/deweerdt.be\/de\/datenschutzerklaerung\/\">Read more<\/a><\/p>\n","protected":false},"author":1,"featured_media":0,"parent":0,"menu_order":0,"comment_status":"closed","ping_status":"closed","template":"","meta":{"footnotes":""},"class_list":["post-4933","page","type-page","status-publish","hentry"],"_links":{"self":[{"href":"https:\/\/deweerdt.be\/de\/wp-json\/wp\/v2\/pages\/4933","targetHints":{"allow":["GET"]}}],"collection":[{"href":"https:\/\/deweerdt.be\/de\/wp-json\/wp\/v2\/pages"}],"about":[{"href":"https:\/\/deweerdt.be\/de\/wp-json\/wp\/v2\/types\/page"}],"author":[{"embeddable":true,"href":"https:\/\/deweerdt.be\/de\/wp-json\/wp\/v2\/users\/1"}],"replies":[{"embeddable":true,"href":"https:\/\/deweerdt.be\/de\/wp-json\/wp\/v2\/comments?post=4933"}],"version-history":[{"count":1,"href":"https:\/\/deweerdt.be\/de\/wp-json\/wp\/v2\/pages\/4933\/revisions"}],"predecessor-version":[{"id":4934,"href":"https:\/\/deweerdt.be\/de\/wp-json\/wp\/v2\/pages\/4933\/revisions\/4934"}],"wp:attachment":[{"href":"https:\/\/deweerdt.be\/de\/wp-json\/wp\/v2\/media?parent=4933"}],"curies":[{"name":"wp","href":"https:\/\/api.w.org\/{rel}","templated":true}]}}