{"id":4931,"date":"2018-05-25T14:21:14","date_gmt":"2018-05-25T13:21:14","guid":{"rendered":"https:\/\/deweerdt.be\/?page_id=4931"},"modified":"2018-05-25T14:21:14","modified_gmt":"2018-05-25T13:21:14","slug":"declaration-de-confidentialite","status":"publish","type":"page","link":"https:\/\/deweerdt.be\/fr\/declaration-de-confidentialite\/","title":{"rendered":"D\u00e9claration de confidentialit\u00e9"},"content":{"rendered":"<p>DEWEERDT W. BV \/ MASTERVEIL traite les donn\u00e9es personnelles conform\u00e9ment \u00e0 cette d\u00e9claration de<br \/>\nconfidentialit\u00e9. Pour plus d&rsquo;informations, questions et \/ ou commentaires concernant notre politique de confidentialit\u00e9, veuillez contacter Peter &amp; Dirk Deweerdt ou l&rsquo;adresse mail: <a href=\"m&#97;&#x69;&#x6c;&#x74;o&#58;&#103;&#x64;&#x70;r&#64;&#100;&#x65;&#x77;ee&#114;&#x64;&#x74;&#x2e;b&#101;\">&#x67;&#100;p&#x72;&#64;d&#x65;&#119;e&#x65;&#x72;&#100;&#x74;&#x2e;&#98;e<\/a><\/p>\n<p>DEWEERDT W. BV \/ MASTERVEIL traite et collecte les donn\u00e9es personnelles des clients pour la gestion des clients et des commandes (gestion des clients, suivi des commandes et des livraisons, facturation, conditions de paiement et de livraison, actions sp\u00e9cifiques au projet, actions dans le domaine hygi\u00e8ne &amp; s\u00e9curit\u00e9 &#8230;)<\/p>\n<h3>Base juridique du traitement:<\/h3>\n<p>Les donn\u00e9es personnelles sont trait\u00e9es sur la base de l&rsquo;article 6.1 de la loi g\u00e9n\u00e9rale sur la protection des donn\u00e9es.<br \/>\nLors de l&rsquo;ex\u00e9cution des projets, le traitement des commandes, demande explicitement au client ce qui peut \u00eatre fait<br \/>\navec ses donn\u00e9es.<\/p>\n<p>NOTE: cela concerne g\u00e9n\u00e9ralement les projets individuels et le travail sur mesure et est sp\u00e9cifiquement utilis\u00e9 dans<br \/>\nle cadre de la formation, des exemples, &#8230;<\/p>\n<p>Le client a toujours la possibilit\u00e9 de lier oui ou non sa r\u00e9f\u00e9rence, son nom, &#8230; \u00e0 un tel mat\u00e9riel visuel et \/ ou concept.<\/p>\n<h3>Transfert \u00e0 des tiers:<\/h3>\n<p>Notre entreprise dispose d&rsquo;un syst\u00e8me de transfert de connaissances en cascade. Pour atteindre les objectifs vis\u00e9s<br \/>\n(et \/ ou lib\u00e9rer les comp\u00e9tences \/ connaissances n\u00e9cessaires), les donn\u00e9es personnelles du client seront partag\u00e9es<br \/>\navec les soci\u00e9t\u00e9s soeurs de notre soci\u00e9t\u00e9 (DEWEERDT \/ MASTERVEIL), dans les zones \u00e9conomiques europ\u00e9ennes ou avec des partenaires directement avec Deweerdt\/Masterveil.<\/p>\n<h3>P\u00e9riode de stockage :<\/h3>\n<p>Les donn\u00e9es personnelles trait\u00e9es pour la gestion des clients seront stock\u00e9es pendant la p\u00e9riode n\u00e9cessaire pour se<br \/>\nconformer aux exigences l\u00e9gales (voir comptabilit\u00e9).<\/p>\n<p>En tout temps, les personnes impliqu\u00e9es peuvent demander \u00e0 \u00eatre retir\u00e9es de notre syst\u00e8me. Ceci seulement<br \/>\ncomme un point de contact. Cela implique \u00e9galement que la correspondance, les devis, les commandes, les factures<br \/>\net \/ ou les notes de cr\u00e9dit qui ont \u00e9t\u00e9 faites ne seront PAS ajust\u00e9s si la personne en question avait donn\u00e9<br \/>\nl&rsquo;autorisation d&rsquo;utiliser son nom dans le domaine de contact.<\/p>\n<h3>Droit d&rsquo;acc\u00e8s \/ am\u00e9lioration<\/h3>\n<p>Le client a le droit d&rsquo;inspecter ses donn\u00e9es personnelles \u00e0 tout moment et peut les faire corriger si elles sont<br \/>\nincorrectes ou incompl\u00e8tes. Pour recevoir cette information, envoyez un message \u00e0 gd&#112;&#114;&#64;&#100;&#x65;&#x77;&#x65;&#x65;&#x72;dt&#46;&#98;&#101;<br \/>\nNous nous assurons que vous en \u00eates inform\u00e9 par \u00e9crit dans les 14 jours.<\/p>\n<h3>Marketing<\/h3>\n<p>Notre concept marketing est bas\u00e9 sur l&rsquo;acquisition froid et des solutions ax\u00e9es sur le contenu et la reconnaissance.<br \/>\nLe suivi, la quantification et le suivi ne seront pas effectu\u00e9s \u00e0 moins que la question imm\u00e9diate du client ne soit<br \/>\npertinente. Le profilage et l&rsquo;automatisation ne sont pas applicables dans notre approche.<\/p>\n<h3>Plainte<\/h3>\n<p>Le client a le droit de d\u00e9poser une plainte aupr\u00e8s de la commission pour la protection de la vie priv\u00e9e.<br \/>\n(Drukpersstraat 35 &#8211; 1000 Bruxelles &#8211; &#67;&#x6f;m&#x6d;i&#115;&#x73;&#105;&#x6f;n&#64;&#x70;&#114;&#x69;v&#x61;&#x63;&#121;&#x63;o&#x6d;m&#105;&#x73;&#105;&#x73;o&#110;&#x2e;&#98;&#x65;).<br \/>\nBien s\u00fbr, nous conseillons en premier lieu de contacter les responsables de notre soci\u00e9t\u00e9.<\/p>\n<p>&nbsp;<\/p>\n<p>[tnc-pdf-viewer-link file=\u00a0\u00bbhttps:\/\/deweerdt.be\/wp-content\/uploads\/2018\/05\/20180523-Privacy-declaration-General.pdf\u00a0\u00bb target=\u00a0\u00bb_blank\u00a0\u00bb download=\u00a0\u00bbtrue\u00a0\u00bb print=\u00a0\u00bbtrue\u00a0\u00bb fullscreen=\u00a0\u00bbtrue\u00a0\u00bb share=\u00a0\u00bbtrue\u00a0\u00bb zoom=\u00a0\u00bbtrue\u00a0\u00bb open=\u00a0\u00bbtrue\u00a0\u00bb pagenav=\u00a0\u00bbtrue\u00a0\u00bb logo=\u00a0\u00bbtrue\u00a0\u00bb find=\u00a0\u00bbtrue\u00a0\u00bb current_view=\u00a0\u00bbtrue\u00a0\u00bb rotate=\u00a0\u00bbtrue\u00a0\u00bb handtool=\u00a0\u00bbtrue\u00a0\u00bb doc_prop=\u00a0\u00bbtrue\u00a0\u00bb toggle_menu=\u00a0\u00bbtrue\u00a0\u00bb language=\u00a0\u00bben-US\u00a0\u00bb class=\u00a0\u00bb\u00a0\u00bb text=\u00a0\u00bbT\u00e9l\u00e9charger le pdf\u00a0\u00bb page=\u00a0\u00bb\u00a0\u00bb default_zoom=\u00a0\u00bbauto\u00a0\u00bb pagemode=\u00a0\u00bb\u00a0\u00bb]<\/p>\n","protected":false},"excerpt":{"rendered":"<p>DEWEERDT W. BV \/ MASTERVEIL traite les donn\u00e9es personnelles conform\u00e9ment \u00e0 cette d\u00e9claration de confidentialit\u00e9. <a href=\"https:\/\/deweerdt.be\/fr\/declaration-de-confidentialite\/\">Read more<\/a><\/p>\n","protected":false},"author":1,"featured_media":0,"parent":0,"menu_order":0,"comment_status":"closed","ping_status":"closed","template":"","meta":{"footnotes":""},"class_list":["post-4931","page","type-page","status-publish","hentry"],"_links":{"self":[{"href":"https:\/\/deweerdt.be\/fr\/wp-json\/wp\/v2\/pages\/4931","targetHints":{"allow":["GET"]}}],"collection":[{"href":"https:\/\/deweerdt.be\/fr\/wp-json\/wp\/v2\/pages"}],"about":[{"href":"https:\/\/deweerdt.be\/fr\/wp-json\/wp\/v2\/types\/page"}],"author":[{"embeddable":true,"href":"https:\/\/deweerdt.be\/fr\/wp-json\/wp\/v2\/users\/1"}],"replies":[{"embeddable":true,"href":"https:\/\/deweerdt.be\/fr\/wp-json\/wp\/v2\/comments?post=4931"}],"version-history":[{"count":1,"href":"https:\/\/deweerdt.be\/fr\/wp-json\/wp\/v2\/pages\/4931\/revisions"}],"predecessor-version":[{"id":4932,"href":"https:\/\/deweerdt.be\/fr\/wp-json\/wp\/v2\/pages\/4931\/revisions\/4932"}],"wp:attachment":[{"href":"https:\/\/deweerdt.be\/fr\/wp-json\/wp\/v2\/media?parent=4931"}],"curies":[{"name":"wp","href":"https:\/\/api.w.org\/{rel}","templated":true}]}}